{"id":14,"date":"2023-01-16T19:30:22","date_gmt":"2023-01-16T19:30:22","guid":{"rendered":"https:\/\/hifi4sale.dk\/?page_id=14"},"modified":"2024-03-29T16:06:06","modified_gmt":"2024-03-29T16:06:06","slug":"hifi-til-salg","status":"publish","type":"page","link":"https:\/\/hifi4sale.dk\/index.php\/hifi-til-salg\/","title":{"rendered":"hifi til salg"},"content":{"rendered":"\n<p>Nu du alligevel er her p\u00e5 siden, er der m\u00e5ske, noget, som du kan bruge? Der er ting og sager, som jeg ikke l\u00e6ngere bruger, og som s\u00f8ger et nyt hjem.<\/p>\n\n\n\n<hr class=\"wp-block-separator has-alpha-channel-opacity\"\/>\n\n\n\n<div class=\"wp-block-media-text alignwide is-stacked-on-mobile\" style=\"grid-template-columns:53% auto\"><figure class=\"wp-block-media-text__media\"><img loading=\"lazy\" decoding=\"async\" width=\"1024\" height=\"683\" src=\"https:\/\/hifi4sale.dk\/wp-content\/uploads\/2023\/01\/Bryston-BP25-1-1024x683.jpg\" alt=\"\" class=\"wp-image-127 size-full\" srcset=\"https:\/\/hifi4sale.dk\/wp-content\/uploads\/2023\/01\/Bryston-BP25-1-1024x683.jpg 1024w, https:\/\/hifi4sale.dk\/wp-content\/uploads\/2023\/01\/Bryston-BP25-1-300x200.jpg 300w, https:\/\/hifi4sale.dk\/wp-content\/uploads\/2023\/01\/Bryston-BP25-1-768x512.jpg 768w, https:\/\/hifi4sale.dk\/wp-content\/uploads\/2023\/01\/Bryston-BP25-1.jpg 1200w\" sizes=\"auto, (max-width: 1024px) 100vw, 1024px\" \/><\/figure><div class=\"wp-block-media-text__content\">\n<p>Bryston BP-25 Pre amplifier<\/p>\n\n\n\n<p>Fuldt balanceret forforst\u00e6rker med separat str\u00f8mforsyning fra Bryston, der ogs\u00e5 er kendt for at udvikle og producere professionelt lydudstyr &#8211; S\u00e5 de ved, hvordan det skal g\u00f8res (de yder 30 \u00e5rs garanti p\u00e5 deres produkter).<\/p>\n\n\n\n<p>1*XLR og 2*RCA pre-out og 2*XLR input<\/p>\n\n\n\n<p>Original emballage og kvittering haves<\/p>\n\n\n\n<p>Pris: 8.500 kr.<br><\/p>\n<\/div><\/div>\n\n\n\n<hr class=\"wp-block-separator has-alpha-channel-opacity\"\/>\n\n\n\n<div class=\"wp-block-media-text alignwide is-stacked-on-mobile\" style=\"grid-template-columns:35% auto\"><figure class=\"wp-block-media-text__media\"><img loading=\"lazy\" decoding=\"async\" width=\"914\" height=\"1024\" src=\"https:\/\/hifi4sale.dk\/wp-content\/uploads\/2023\/01\/Golden-Presence-914x1024.jpg\" alt=\"\" class=\"wp-image-104 size-full\" srcset=\"https:\/\/hifi4sale.dk\/wp-content\/uploads\/2023\/01\/Golden-Presence-914x1024.jpg 914w, https:\/\/hifi4sale.dk\/wp-content\/uploads\/2023\/01\/Golden-Presence-268x300.jpg 268w, https:\/\/hifi4sale.dk\/wp-content\/uploads\/2023\/01\/Golden-Presence-768x861.jpg 768w, https:\/\/hifi4sale.dk\/wp-content\/uploads\/2023\/01\/Golden-Presence-1370x1536.jpg 1370w, https:\/\/hifi4sale.dk\/wp-content\/uploads\/2023\/01\/Golden-Presence.jpg 1507w\" sizes=\"auto, (max-width: 914px) 100vw, 914px\" \/><\/figure><div class=\"wp-block-media-text__content\">\n<h3 class=\"wp-block-heading\">Cardas Golden Precense<\/h3>\n\n\n\n<p>Et \u00c6GTE Cardas kabel 2*1m inkl. original emballage<br><br>N\u00f8gleordene er organisk, kropslig og n\u00e6rmest intimt med store l\u00e6kre klangflader, der fylder godt op i lydbilledet. Men der g\u00e5s ikke p\u00e5 kompromis med detaljerne. Man fordyber sig i roen og det afslappende i musikken.<br><br>Pris: 2.700 kr.<br><br>(S\u00e6lges sammen med Cardas Neutral Reference for 4.500 kr)<\/p>\n<\/div><\/div>\n\n\n\n<hr class=\"wp-block-separator has-alpha-channel-opacity\"\/>\n\n\n\n<div class=\"wp-block-media-text alignwide is-stacked-on-mobile\" style=\"grid-template-columns:35% auto\"><figure class=\"wp-block-media-text__media\"><img loading=\"lazy\" decoding=\"async\" width=\"891\" height=\"1024\" src=\"https:\/\/hifi4sale.dk\/wp-content\/uploads\/2023\/01\/Neutral-891x1024.jpg\" alt=\"\" class=\"wp-image-108 size-full\" srcset=\"https:\/\/hifi4sale.dk\/wp-content\/uploads\/2023\/01\/Neutral-891x1024.jpg 891w, https:\/\/hifi4sale.dk\/wp-content\/uploads\/2023\/01\/Neutral-261x300.jpg 261w, https:\/\/hifi4sale.dk\/wp-content\/uploads\/2023\/01\/Neutral-768x883.jpg 768w, https:\/\/hifi4sale.dk\/wp-content\/uploads\/2023\/01\/Neutral-1336x1536.jpg 1336w, https:\/\/hifi4sale.dk\/wp-content\/uploads\/2023\/01\/Neutral.jpg 1511w\" sizes=\"auto, (max-width: 891px) 100vw, 891px\" \/><\/figure><div class=\"wp-block-media-text__content\">\n<h3 class=\"wp-block-heading\">Cardas Neutral Reference<\/h3>\n\n\n\n<p>Et \u00c6GTE Cardas kabel p\u00e5 2*1m inkl. original emballage<br><br>N\u00f8gleordene er organisk, kropslig og n\u00e6rmest intimt med store l\u00e6kre klangflader, der fylder godt op i lydbilledet. Men der g\u00e5s ikke p\u00e5 kompromis med detaljerne. Man fordyber sig i roen og det afslappende i musikken.<br><br>Pris: 2.100 kr.<br><br>(S\u00e6lges sammen med Cardas Golden Presence for 4.500 kr.)<\/p>\n<\/div><\/div>\n","protected":false},"excerpt":{"rendered":"<p>Nu du alligevel er her p\u00e5 siden, er der m\u00e5ske, noget, som du kan bruge? Der er ting og sager, som jeg ikke l\u00e6ngere bruger, og som s\u00f8ger et nyt &#8230;<\/p>\n","protected":false},"author":1,"featured_media":0,"parent":0,"menu_order":0,"comment_status":"closed","ping_status":"closed","template":"","meta":{"footnotes":""},"class_list":["post-14","page","type-page","status-publish","hentry"],"_links":{"self":[{"href":"https:\/\/hifi4sale.dk\/index.php\/wp-json\/wp\/v2\/pages\/14","targetHints":{"allow":["GET"]}}],"collection":[{"href":"https:\/\/hifi4sale.dk\/index.php\/wp-json\/wp\/v2\/pages"}],"about":[{"href":"https:\/\/hifi4sale.dk\/index.php\/wp-json\/wp\/v2\/types\/page"}],"author":[{"embeddable":true,"href":"https:\/\/hifi4sale.dk\/index.php\/wp-json\/wp\/v2\/users\/1"}],"replies":[{"embeddable":true,"href":"https:\/\/hifi4sale.dk\/index.php\/wp-json\/wp\/v2\/comments?post=14"}],"version-history":[{"count":16,"href":"https:\/\/hifi4sale.dk\/index.php\/wp-json\/wp\/v2\/pages\/14\/revisions"}],"predecessor-version":[{"id":334,"href":"https:\/\/hifi4sale.dk\/index.php\/wp-json\/wp\/v2\/pages\/14\/revisions\/334"}],"wp:attachment":[{"href":"https:\/\/hifi4sale.dk\/index.php\/wp-json\/wp\/v2\/media?parent=14"}],"curies":[{"name":"wp","href":"https:\/\/api.w.org\/{rel}","templated":true}]}}